{"id":1039,"date":"2026-04-06T14:46:16","date_gmt":"2026-04-06T14:46:16","guid":{"rendered":"https:\/\/tisol.cl\/?page_id=1039"},"modified":"2026-04-06T14:46:25","modified_gmt":"2026-04-06T14:46:25","slug":"pantallas-interactivas","status":"publish","type":"page","link":"https:\/\/tisol.cl\/index.php\/pantallas-interactivas\/","title":{"rendered":"Pantallas Interactivas"},"content":{"rendered":"\n<p><\/p>\n\n\n\n<p>Las <strong>pantallas interactivas corporativas<\/strong> son soluciones digitales dise\u00f1adas para mejorar la comunicaci\u00f3n, presentaci\u00f3n y gesti\u00f3n de informaci\u00f3n dentro de una empresa. A trav\u00e9s de interfaces din\u00e1micas e intuitivas, permiten a los usuarios interactuar con contenido en tiempo real, facilitando la toma de decisiones, la colaboraci\u00f3n y la experiencia del cliente.<\/p>\n\n\n\n<p>Estas plataformas integran herramientas como paneles informativos, dashboards personalizados, formularios inteligentes y m\u00f3dulos de navegaci\u00f3n interactiva, adapt\u00e1ndose a las necesidades espec\u00edficas de cada organizaci\u00f3n. Su implementaci\u00f3n optimiza procesos internos, fortalece la imagen corporativa y genera entornos m\u00e1s modernos, eficientes y conectados.<\/p>\n\n\n\n<p>Adem\u00e1s, las pantallas interactivas corporativas pueden utilizarse en distintos contextos, como salas de reuniones, recepciones, puntos de atenci\u00f3n al cliente o sitios web institucionales, ofreciendo una experiencia atractiva, funcional y alineada con los objetivos estrat\u00e9gicos de la empresa.<\/p>\n\n\n\n<div id=\"wp-block-themeisle-blocks-slider-114967ff\" class=\"wp-block-themeisle-blocks-slider glide\" data-per-view=\"1\" data-gap=\"0\" data-peek=\"0\" data-autoplay=\"true\" data-height=\"400px\" data-hide-arrows=\"false\"><div class=\"glide__track\" data-glide-el=\"track\"><div class=\"glide__slides\"><div class=\"wp-block-themeisle-blocks-slider-item-wrapper glide__slide\" tabindex=\"0\"><figure><img decoding=\"async\" class=\"wp-block-themeisle-blocks-slider-item\" src=\"https:\/\/tisol.cl\/wp-content\/uploads\/2026\/03\/directorio-digital-pantallas-profesionales-ibima2.jpg\" alt=\"\" title=\"\" data-id=\"1023\"\/><\/figure><\/div><div class=\"wp-block-themeisle-blocks-slider-item-wrapper glide__slide\" tabindex=\"0\"><figure><img decoding=\"async\" class=\"wp-block-themeisle-blocks-slider-item\" src=\"https:\/\/tisol.cl\/wp-content\/uploads\/2026\/03\/images-1-2.jpg\" alt=\"\" title=\"\" data-id=\"1024\"\/><\/figure><\/div><div class=\"wp-block-themeisle-blocks-slider-item-wrapper glide__slide\" tabindex=\"0\"><figure><img decoding=\"async\" class=\"wp-block-themeisle-blocks-slider-item\" src=\"https:\/\/tisol.cl\/wp-content\/uploads\/2026\/03\/images-2-1.jpg\" alt=\"\" title=\"\" data-id=\"1026\"\/><\/figure><\/div><div class=\"wp-block-themeisle-blocks-slider-item-wrapper glide__slide\" tabindex=\"0\"><figure><img decoding=\"async\" class=\"wp-block-themeisle-blocks-slider-item\" src=\"https:\/\/tisol.cl\/wp-content\/uploads\/2026\/03\/images-2.jpg\" alt=\"\" title=\"\" data-id=\"1025\"\/><\/figure><\/div><\/div><div class=\"glide__bullets\" data-glide-el=\"controls[nav]\"><button class=\"glide__bullet\" data-glide-dir=\"=0\"><\/button><button class=\"glide__bullet\" data-glide-dir=\"=1\"><\/button><button class=\"glide__bullet\" data-glide-dir=\"=2\"><\/button><button class=\"glide__bullet\" data-glide-dir=\"=3\"><\/button><\/div><\/div><\/div>\n\n\n\n<p><\/p>\n\n\n\n<p><\/p>\n\n\n\n<div class=\"wp-block-buttons is-content-justification-center is-layout-flex wp-container-core-buttons-is-layout-16018d1d wp-block-buttons-is-layout-flex\">\n<div class=\"wp-block-button\"><a class=\"wp-block-button__link has-text-align-center wp-element-button\">Ver Productos<\/a><\/div>\n<\/div>\n\n\n\n<p><\/p>\n","protected":false},"excerpt":{"rendered":"<p>Las pantallas interactivas corporativas son soluciones digitales dise\u00f1adas para mejorar la comunicaci\u00f3n, presentaci\u00f3n y gesti\u00f3n de informaci\u00f3n dentro de una empresa. A trav\u00e9s de interfaces din\u00e1micas e intuitivas, permiten a los usuarios interactuar con contenido en tiempo real, facilitando la toma de decisiones, la colaboraci\u00f3n y la experiencia del cliente. Estas plataformas integran herramientas como&hellip;&nbsp;<a href=\"https:\/\/tisol.cl\/index.php\/pantallas-interactivas\/\" rel=\"bookmark\"><span class=\"screen-reader-text\">Pantallas Interactivas<\/span><\/a><\/p>\n","protected":false},"author":1,"featured_media":0,"parent":0,"menu_order":0,"comment_status":"closed","ping_status":"closed","template":"","meta":{"neve_meta_sidebar":"","neve_meta_container":"","neve_meta_enable_content_width":"off","neve_meta_content_width":0,"neve_meta_title_alignment":"","neve_meta_author_avatar":"","neve_post_elements_order":"","neve_meta_disable_header":"","neve_meta_disable_footer":"","neve_meta_disable_title":"","_themeisle_gutenberg_block_has_review":false,"_kadence_starter_templates_imported_post":false,"footnotes":""},"class_list":["post-1039","page","type-page","status-publish","hentry"],"yoast_head":"<!-- This site is optimized with the Yoast SEO plugin v27.1.1 - https:\/\/yoast.com\/product\/yoast-seo-wordpress\/ -->\n<title>Pantallas Interactivas - Tisol<\/title>\n<meta name=\"robots\" content=\"index, follow, max-snippet:-1, max-image-preview:large, max-video-preview:-1\" \/>\n<link rel=\"canonical\" href=\"https:\/\/tisol.cl\/index.php\/pantallas-interactivas\/\" \/>\n<meta property=\"og:locale\" content=\"es_ES\" \/>\n<meta property=\"og:type\" content=\"article\" \/>\n<meta property=\"og:title\" content=\"Pantallas Interactivas - Tisol\" \/>\n<meta property=\"og:description\" content=\"Las pantallas interactivas corporativas son soluciones digitales dise\u00f1adas para mejorar la comunicaci\u00f3n, presentaci\u00f3n y gesti\u00f3n de informaci\u00f3n dentro de una empresa. A trav\u00e9s de interfaces din\u00e1micas e intuitivas, permiten a los usuarios interactuar con contenido en tiempo real, facilitando la toma de decisiones, la colaboraci\u00f3n y la experiencia del cliente. Estas plataformas integran herramientas como&hellip;&nbsp;Pantallas Interactivas\" \/>\n<meta property=\"og:url\" content=\"https:\/\/tisol.cl\/index.php\/pantallas-interactivas\/\" \/>\n<meta property=\"og:site_name\" content=\"Tisol\" \/>\n<meta property=\"article:modified_time\" content=\"2026-04-06T14:46:25+00:00\" \/>\n<meta property=\"og:image\" content=\"https:\/\/tisol.cl\/wp-content\/uploads\/2026\/03\/directorio-digital-pantallas-profesionales-ibima2.jpg\" \/>\n<meta name=\"twitter:card\" content=\"summary_large_image\" \/>\n<meta name=\"twitter:label1\" content=\"Tiempo de lectura\" \/>\n\t<meta name=\"twitter:data1\" content=\"2 minutos\" \/>\n<script type=\"application\/ld+json\" class=\"yoast-schema-graph\">{\"@context\":\"https:\/\/schema.org\",\"@graph\":[{\"@type\":\"WebPage\",\"@id\":\"https:\/\/tisol.cl\/index.php\/pantallas-interactivas\/\",\"url\":\"https:\/\/tisol.cl\/index.php\/pantallas-interactivas\/\",\"name\":\"Pantallas Interactivas - Tisol\",\"isPartOf\":{\"@id\":\"https:\/\/tisol.cl\/#website\"},\"primaryImageOfPage\":{\"@id\":\"https:\/\/tisol.cl\/index.php\/pantallas-interactivas\/#primaryimage\"},\"image\":{\"@id\":\"https:\/\/tisol.cl\/index.php\/pantallas-interactivas\/#primaryimage\"},\"thumbnailUrl\":\"https:\/\/tisol.cl\/wp-content\/uploads\/2026\/03\/directorio-digital-pantallas-profesionales-ibima2.jpg\",\"datePublished\":\"2026-04-06T14:46:16+00:00\",\"dateModified\":\"2026-04-06T14:46:25+00:00\",\"breadcrumb\":{\"@id\":\"https:\/\/tisol.cl\/index.php\/pantallas-interactivas\/#breadcrumb\"},\"inLanguage\":\"es\",\"potentialAction\":[{\"@type\":\"ReadAction\",\"target\":[\"https:\/\/tisol.cl\/index.php\/pantallas-interactivas\/\"]}]},{\"@type\":\"ImageObject\",\"inLanguage\":\"es\",\"@id\":\"https:\/\/tisol.cl\/index.php\/pantallas-interactivas\/#primaryimage\",\"url\":\"https:\/\/tisol.cl\/wp-content\/uploads\/2026\/03\/directorio-digital-pantallas-profesionales-ibima2.jpg\",\"contentUrl\":\"https:\/\/tisol.cl\/wp-content\/uploads\/2026\/03\/directorio-digital-pantallas-profesionales-ibima2.jpg\",\"width\":1800,\"height\":1124},{\"@type\":\"BreadcrumbList\",\"@id\":\"https:\/\/tisol.cl\/index.php\/pantallas-interactivas\/#breadcrumb\",\"itemListElement\":[{\"@type\":\"ListItem\",\"position\":1,\"name\":\"Portada\",\"item\":\"https:\/\/tisol.cl\/\"},{\"@type\":\"ListItem\",\"position\":2,\"name\":\"Pantallas Interactivas\"}]},{\"@type\":\"WebSite\",\"@id\":\"https:\/\/tisol.cl\/#website\",\"url\":\"https:\/\/tisol.cl\/\",\"name\":\"Tisol\",\"description\":\"\",\"publisher\":{\"@id\":\"https:\/\/tisol.cl\/#organization\"},\"potentialAction\":[{\"@type\":\"SearchAction\",\"target\":{\"@type\":\"EntryPoint\",\"urlTemplate\":\"https:\/\/tisol.cl\/?s={search_term_string}\"},\"query-input\":{\"@type\":\"PropertyValueSpecification\",\"valueRequired\":true,\"valueName\":\"search_term_string\"}}],\"inLanguage\":\"es\"},{\"@type\":\"Organization\",\"@id\":\"https:\/\/tisol.cl\/#organization\",\"name\":\"Tisol\",\"url\":\"https:\/\/tisol.cl\/\",\"logo\":{\"@type\":\"ImageObject\",\"inLanguage\":\"es\",\"@id\":\"https:\/\/tisol.cl\/#\/schema\/logo\/image\/\",\"url\":\"https:\/\/tisol.cl\/wp-content\/uploads\/2026\/03\/cropped-WhatsApp-Image-2026-03-08-at-10.36.34-AM.jpeg\",\"contentUrl\":\"https:\/\/tisol.cl\/wp-content\/uploads\/2026\/03\/cropped-WhatsApp-Image-2026-03-08-at-10.36.34-AM.jpeg\",\"width\":267,\"height\":77,\"caption\":\"Tisol\"},\"image\":{\"@id\":\"https:\/\/tisol.cl\/#\/schema\/logo\/image\/\"}}]}<\/script>\n<!-- \/ Yoast SEO plugin. -->","yoast_head_json":{"title":"Pantallas Interactivas - Tisol","robots":{"index":"index","follow":"follow","max-snippet":"max-snippet:-1","max-image-preview":"max-image-preview:large","max-video-preview":"max-video-preview:-1"},"canonical":"https:\/\/tisol.cl\/index.php\/pantallas-interactivas\/","og_locale":"es_ES","og_type":"article","og_title":"Pantallas Interactivas - Tisol","og_description":"Las pantallas interactivas corporativas son soluciones digitales dise\u00f1adas para mejorar la comunicaci\u00f3n, presentaci\u00f3n y gesti\u00f3n de informaci\u00f3n dentro de una empresa. A trav\u00e9s de interfaces din\u00e1micas e intuitivas, permiten a los usuarios interactuar con contenido en tiempo real, facilitando la toma de decisiones, la colaboraci\u00f3n y la experiencia del cliente. Estas plataformas integran herramientas como&hellip;&nbsp;Pantallas Interactivas","og_url":"https:\/\/tisol.cl\/index.php\/pantallas-interactivas\/","og_site_name":"Tisol","article_modified_time":"2026-04-06T14:46:25+00:00","og_image":[{"url":"https:\/\/tisol.cl\/wp-content\/uploads\/2026\/03\/directorio-digital-pantallas-profesionales-ibima2.jpg","type":"","width":"","height":""}],"twitter_card":"summary_large_image","twitter_misc":{"Tiempo de lectura":"2 minutos"},"schema":{"@context":"https:\/\/schema.org","@graph":[{"@type":"WebPage","@id":"https:\/\/tisol.cl\/index.php\/pantallas-interactivas\/","url":"https:\/\/tisol.cl\/index.php\/pantallas-interactivas\/","name":"Pantallas Interactivas - Tisol","isPartOf":{"@id":"https:\/\/tisol.cl\/#website"},"primaryImageOfPage":{"@id":"https:\/\/tisol.cl\/index.php\/pantallas-interactivas\/#primaryimage"},"image":{"@id":"https:\/\/tisol.cl\/index.php\/pantallas-interactivas\/#primaryimage"},"thumbnailUrl":"https:\/\/tisol.cl\/wp-content\/uploads\/2026\/03\/directorio-digital-pantallas-profesionales-ibima2.jpg","datePublished":"2026-04-06T14:46:16+00:00","dateModified":"2026-04-06T14:46:25+00:00","breadcrumb":{"@id":"https:\/\/tisol.cl\/index.php\/pantallas-interactivas\/#breadcrumb"},"inLanguage":"es","potentialAction":[{"@type":"ReadAction","target":["https:\/\/tisol.cl\/index.php\/pantallas-interactivas\/"]}]},{"@type":"ImageObject","inLanguage":"es","@id":"https:\/\/tisol.cl\/index.php\/pantallas-interactivas\/#primaryimage","url":"https:\/\/tisol.cl\/wp-content\/uploads\/2026\/03\/directorio-digital-pantallas-profesionales-ibima2.jpg","contentUrl":"https:\/\/tisol.cl\/wp-content\/uploads\/2026\/03\/directorio-digital-pantallas-profesionales-ibima2.jpg","width":1800,"height":1124},{"@type":"BreadcrumbList","@id":"https:\/\/tisol.cl\/index.php\/pantallas-interactivas\/#breadcrumb","itemListElement":[{"@type":"ListItem","position":1,"name":"Portada","item":"https:\/\/tisol.cl\/"},{"@type":"ListItem","position":2,"name":"Pantallas Interactivas"}]},{"@type":"WebSite","@id":"https:\/\/tisol.cl\/#website","url":"https:\/\/tisol.cl\/","name":"Tisol","description":"","publisher":{"@id":"https:\/\/tisol.cl\/#organization"},"potentialAction":[{"@type":"SearchAction","target":{"@type":"EntryPoint","urlTemplate":"https:\/\/tisol.cl\/?s={search_term_string}"},"query-input":{"@type":"PropertyValueSpecification","valueRequired":true,"valueName":"search_term_string"}}],"inLanguage":"es"},{"@type":"Organization","@id":"https:\/\/tisol.cl\/#organization","name":"Tisol","url":"https:\/\/tisol.cl\/","logo":{"@type":"ImageObject","inLanguage":"es","@id":"https:\/\/tisol.cl\/#\/schema\/logo\/image\/","url":"https:\/\/tisol.cl\/wp-content\/uploads\/2026\/03\/cropped-WhatsApp-Image-2026-03-08-at-10.36.34-AM.jpeg","contentUrl":"https:\/\/tisol.cl\/wp-content\/uploads\/2026\/03\/cropped-WhatsApp-Image-2026-03-08-at-10.36.34-AM.jpeg","width":267,"height":77,"caption":"Tisol"},"image":{"@id":"https:\/\/tisol.cl\/#\/schema\/logo\/image\/"}}]}},"_links":{"self":[{"href":"https:\/\/tisol.cl\/index.php\/wp-json\/wp\/v2\/pages\/1039","targetHints":{"allow":["GET"]}}],"collection":[{"href":"https:\/\/tisol.cl\/index.php\/wp-json\/wp\/v2\/pages"}],"about":[{"href":"https:\/\/tisol.cl\/index.php\/wp-json\/wp\/v2\/types\/page"}],"author":[{"embeddable":true,"href":"https:\/\/tisol.cl\/index.php\/wp-json\/wp\/v2\/users\/1"}],"replies":[{"embeddable":true,"href":"https:\/\/tisol.cl\/index.php\/wp-json\/wp\/v2\/comments?post=1039"}],"version-history":[{"count":2,"href":"https:\/\/tisol.cl\/index.php\/wp-json\/wp\/v2\/pages\/1039\/revisions"}],"predecessor-version":[{"id":1041,"href":"https:\/\/tisol.cl\/index.php\/wp-json\/wp\/v2\/pages\/1039\/revisions\/1041"}],"wp:attachment":[{"href":"https:\/\/tisol.cl\/index.php\/wp-json\/wp\/v2\/media?parent=1039"}],"curies":[{"name":"wp","href":"https:\/\/api.w.org\/{rel}","templated":true}]}}